{"id":1317,"date":"2026-04-13T07:49:42","date_gmt":"2026-04-13T07:49:42","guid":{"rendered":"https:\/\/test4.ebweb.biz\/?page_id=1317"},"modified":"2026-04-21T08:43:27","modified_gmt":"2026-04-21T08:43:27","slug":"team-building-per-gruppi-e-aziende","status":"publish","type":"page","link":"https:\/\/bicingiro.it\/index.php\/team-building-per-gruppi-e-aziende\/","title":{"rendered":"Team Building per Gruppi e Aziende"},"content":{"rendered":"\t\t<div data-elementor-type=\"wp-page\" data-elementor-id=\"1317\" class=\"elementor elementor-1317\" data-elementor-post-type=\"page\">\n\t\t\t\t<div class=\"elementor-element elementor-element-001e72f e-con-full e-flex e-con e-parent\" data-id=\"001e72f\" data-element_type=\"container\" data-e-type=\"container\" data-settings=\"{&quot;background_background&quot;:&quot;classic&quot;,&quot;shape_divider_bottom&quot;:&quot;waves&quot;}\">\n\t\t\t\t<div class=\"elementor-shape elementor-shape-bottom\" aria-hidden=\"true\" data-negative=\"false\">\n\t\t\t<svg xmlns=\"http:\/\/www.w3.org\/2000\/svg\" viewBox=\"0 0 1000 100\" preserveAspectRatio=\"none\">\n\t<path class=\"elementor-shape-fill\" d=\"M421.9,6.5c22.6-2.5,51.5,0.4,75.5,5.3c23.6,4.9,70.9,23.5,100.5,35.7c75.8,32.2,133.7,44.5,192.6,49.7\n\tc23.6,2.1,48.7,3.5,103.4-2.5c54.7-6,106.2-25.6,106.2-25.6V0H0v30.3c0,0,72,32.6,158.4,30.5c39.2-0.7,92.8-6.7,134-22.4\n\tc21.2-8.1,52.2-18.2,79.7-24.2C399.3,7.9,411.6,7.5,421.9,6.5z\"\/>\n<\/svg>\t\t<\/div>\n\t\t\t\t<div class=\"elementor-element elementor-element-61a30e3 elementor-widget elementor-widget-heading\" data-id=\"61a30e3\" data-element_type=\"widget\" data-e-type=\"widget\" data-widget_type=\"heading.default\">\n\t\t\t\t\t<h2 class=\"elementor-heading-title elementor-size-default\"><font color=\"#ff6a00\">TEAM BUILDING PER <br>GRUPPI E AZIENDE<\/font><\/h2>\t\t\t\t<\/div>\n\t\t\t\t<\/div>\n\t\t<div class=\"elementor-element elementor-element-337e256 e-flex e-con-boxed e-con e-parent\" data-id=\"337e256\" data-element_type=\"container\" data-e-type=\"container\">\n\t\t\t\t\t<div class=\"e-con-inner\">\n\t\t\t\t<div class=\"elementor-element elementor-element-4db1b64 elementor-widget elementor-widget-text-editor\" data-id=\"4db1b64\" data-element_type=\"widget\" data-e-type=\"widget\" data-widget_type=\"text-editor.default\">\n\t\t\t\t\t\t\t\t\t<h3 style=\"text-align: center;\"><strong><span style=\"color: #004c83;\">PEDALARE INSIEME<\/span><\/strong><\/h3><h3 style=\"text-align: center;\"><strong><span style=\"color: #e9660a;\">per costruire squadre pi\u00f9 forti<\/span><\/strong><\/h3>\t\t\t\t\t\t\t\t<\/div>\n\t\t\t\t\t<\/div>\n\t\t\t\t<\/div>\n\t\t<div class=\"elementor-element elementor-element-397dbe1 e-flex e-con-boxed e-con e-parent\" data-id=\"397dbe1\" data-element_type=\"container\" data-e-type=\"container\">\n\t\t\t\t\t<div class=\"e-con-inner\">\n\t\t\t\t<div class=\"elementor-element elementor-element-20e5045 elementor-widget__width-initial elementor-widget elementor-widget-text-editor\" data-id=\"20e5045\" data-element_type=\"widget\" data-e-type=\"widget\" data-widget_type=\"text-editor.default\">\n\t\t\t\t\t\t\t\t\t<p class=\"p2\"><span style=\"font-weight: 400;\">La bici diventa molto pi\u00f9 di un mezzo: \u00e8 uno strumento capace di creare connessioni autentiche tra le persone. Attraverso esperienze di team building pensate per gruppi e aziende, offriamo l\u2019opportunit\u00e0 di rafforzare le relazioni, migliorare la collaborazione e sviluppare nuove dinamiche di squadra.<\/span><\/p>\t\t\t\t\t\t\t\t<\/div>\n\t\t\t\t\t<\/div>\n\t\t\t\t<\/div>\n\t\t<div class=\"elementor-element elementor-element-201b6a4 e-con-full e-flex e-con e-parent\" data-id=\"201b6a4\" data-element_type=\"container\" data-e-type=\"container\" data-settings=\"{&quot;background_background&quot;:&quot;slideshow&quot;,&quot;background_slideshow_gallery&quot;:[{&quot;id&quot;:1950,&quot;url&quot;:&quot;https:\\\/\\\/bicingiro.it\\\/wp-content\\\/uploads\\\/2026\\\/04\\\/3-1.jpg&quot;}],&quot;background_slideshow_loop&quot;:&quot;yes&quot;,&quot;background_slideshow_slide_duration&quot;:5000,&quot;background_slideshow_slide_transition&quot;:&quot;fade&quot;,&quot;background_slideshow_transition_duration&quot;:500}\">\n\t\t\t\t<\/div>\n\t\t<div class=\"elementor-element elementor-element-26f49c1 e-con-full e-flex e-con e-parent\" data-id=\"26f49c1\" data-element_type=\"container\" data-e-type=\"container\" data-settings=\"{&quot;background_background&quot;:&quot;classic&quot;}\">\n\t\t\t\t<\/div>\n\t\t<div class=\"elementor-element elementor-element-32e8a96 e-con-full e-flex e-con e-parent\" data-id=\"32e8a96\" data-element_type=\"container\" data-e-type=\"container\" data-settings=\"{&quot;background_background&quot;:&quot;classic&quot;}\">\n\t\t\t\t<\/div>\n\t\t<div class=\"elementor-element elementor-element-c22fbae e-flex e-con-boxed e-con e-parent\" data-id=\"c22fbae\" data-element_type=\"container\" data-e-type=\"container\" data-settings=\"{&quot;background_background&quot;:&quot;slideshow&quot;,&quot;background_slideshow_gallery&quot;:[{&quot;id&quot;:728,&quot;url&quot;:&quot;https:\\\/\\\/bicingiro.it\\\/wp-content\\\/uploads\\\/2026\\\/04\\\/Screenshot-2026-04-07-151604.png&quot;}],&quot;background_slideshow_loop&quot;:&quot;yes&quot;,&quot;background_slideshow_slide_duration&quot;:5000,&quot;background_slideshow_slide_transition&quot;:&quot;fade&quot;,&quot;background_slideshow_transition_duration&quot;:500}\">\n\t\t\t\t\t<div class=\"e-con-inner\">\n\t\t<div class=\"elementor-element elementor-element-4df5bde e-con-full e-flex e-con e-child\" data-id=\"4df5bde\" data-element_type=\"container\" data-e-type=\"container\">\n\t\t\t\t<div class=\"elementor-element elementor-element-b475282 elementor-widget__width-inherit elementor-widget elementor-widget-text-editor\" data-id=\"b475282\" data-element_type=\"widget\" data-e-type=\"widget\" data-widget_type=\"text-editor.default\">\n\t\t\t\t\t\t\t\t\t<p class=\"p2\"><span style=\"font-weight: 400;\">Pedalare insieme significa condividere fatica, obiettivi e soddisfazioni. \u00c8 un modo naturale per abbattere le barriere, favorire il dialogo e costruire fiducia tra colleghi. Il tutto in contesti unici, immersi nella natura, dove arrivare in bici \u00e8 solo l\u2019inizio di un percorso di crescita personale e di gruppo.<\/span><\/p>\t\t\t\t\t\t\t\t<\/div>\n\t\t\t\t<div class=\"elementor-element elementor-element-1435b5f elementor-tablet-align-center elementor-mobile-align-center elementor-widget elementor-widget-button\" data-id=\"1435b5f\" data-element_type=\"widget\" data-e-type=\"widget\" data-widget_type=\"button.default\">\n\t\t\t\t\t\t\t\t\t\t<a class=\"elementor-button elementor-button-link elementor-size-sm\" href=\"https:\/\/bicingiro.it\/index.php\/elementor-pagina-898\/\">\n\t\t\t\t\t\t<span class=\"elementor-button-content-wrapper\">\n\t\t\t\t\t\t\t\t\t<span class=\"elementor-button-text\">CONTATTACI<\/span>\n\t\t\t\t\t<\/span>\n\t\t\t\t\t<\/a>\n\t\t\t\t\t\t\t\t<\/div>\n\t\t\t\t<\/div>\n\t\t<div class=\"elementor-element elementor-element-f9902a9 e-con-full e-flex e-con e-child\" data-id=\"f9902a9\" data-element_type=\"container\" data-e-type=\"container\" data-settings=\"{&quot;background_background&quot;:&quot;classic&quot;}\">\n\t\t\t\t<div class=\"elementor-element elementor-element-e263419 elementor-invisible elementor-widget elementor-widget-image\" data-id=\"e263419\" data-element_type=\"widget\" data-e-type=\"widget\" data-settings=\"{&quot;_animation&quot;:&quot;fadeInRight&quot;}\" data-widget_type=\"image.default\">\n\t\t\t\t\t\t\t\t\t\t\t\t\t\t\t<img fetchpriority=\"high\" decoding=\"async\" width=\"328\" height=\"307\" src=\"https:\/\/bicingiro.it\/wp-content\/uploads\/2026\/04\/bici_bicingiro.png\" class=\"attachment-large size-large wp-image-1865\" alt=\"\" srcset=\"https:\/\/bicingiro.it\/wp-content\/uploads\/2026\/04\/bici_bicingiro.png 328w, https:\/\/bicingiro.it\/wp-content\/uploads\/2026\/04\/bici_bicingiro-300x281.png 300w\" sizes=\"(max-width: 328px) 100vw, 328px\" \/>\t\t\t\t\t\t\t\t\t\t\t\t\t\t\t<\/div>\n\t\t\t\t<\/div>\n\t\t\t\t\t<\/div>\n\t\t\t\t<\/div>\n\t\t<div class=\"elementor-element elementor-element-1ae6bd2 e-flex e-con-boxed e-con e-parent\" data-id=\"1ae6bd2\" data-element_type=\"container\" data-e-type=\"container\">\n\t\t\t\t\t<div class=\"e-con-inner\">\n\t\t<div class=\"elementor-element elementor-element-5ca5e93 e-con-full e-flex e-con e-child\" data-id=\"5ca5e93\" data-element_type=\"container\" data-e-type=\"container\">\n\t\t\t\t<div class=\"elementor-element elementor-element-203dfe5 elementor-widget__width-inherit elementor-widget elementor-widget-text-editor\" data-id=\"203dfe5\" data-element_type=\"widget\" data-e-type=\"widget\" data-widget_type=\"text-editor.default\">\n\t\t\t\t\t\t\t\t\t<p><span style=\"font-weight: 400;\">Le attivit\u00e0 sono accompagnate dal supporto di professionisti e specialisti del settore, che guidano i partecipanti attraverso esperienze capaci di unire benessere, scoperta e sviluppo delle competenze.<\/span><\/p><p><strong><i>Miglioramento della comunicazione e della fiducia<\/i><\/strong><\/p><p><span style=\"font-weight: 400;\">Pedalare insieme crea un terreno neutro dove le gerarchie si ridimensionano e le persone si incontrano in modo pi\u00f9 autentico. <\/span><span style=\"font-weight: 400;\">Attraverso attivit\u00e0 condivise si favoriscono l\u2019abbattimento delle barriere e la costruzione di una fiducia reale tra i membri del team.<\/span><\/p><p><strong><i>Aumento della produttivit\u00e0 e della creativit\u00e0<\/i><\/strong><\/p><p><span style=\"font-weight: 400;\">Le esperienze fuori dall\u2019ambiente di lavoro stimolano nuovi punti di vista, le attivit\u00e0 sono pensate per sviluppare capacit\u00e0 di problem solving, valorizzare i talenti individuali e aiutare il gruppo a riconoscere e armonizzare i diversi ruoli.<\/span><\/p><p><i><span style=\"font-weight: 400;\"><strong>Clima aziendale<\/strong>\u00a0<\/span><\/i><\/p><p><span style=\"font-weight: 400;\">Un team che vive esperienze significative insieme sviluppa un maggiore senso di appartenenza, il contatto con la natura e l\u2019attivit\u00e0 fisica aiutano inoltre a ridurre lo stress, migliorando il benessere delle persone e la qualit\u00e0 del clima aziendale.<\/span><\/p>\t\t\t\t\t\t\t\t<\/div>\n\t\t\t\t<\/div>\n\t\t\t\t\t<\/div>\n\t\t\t\t<\/div>\n\t\t<div class=\"elementor-element elementor-element-7adc125 e-flex e-con-boxed e-con e-parent\" data-id=\"7adc125\" data-element_type=\"container\" data-e-type=\"container\">\n\t\t\t\t\t<div class=\"e-con-inner\">\n\t\t\t\t<div class=\"elementor-element elementor-element-ae6845d elementor-widget elementor-widget-image\" data-id=\"ae6845d\" data-element_type=\"widget\" data-e-type=\"widget\" data-widget_type=\"image.default\">\n\t\t\t\t\t\t\t\t\t\t\t\t\t\t\t<img decoding=\"async\" width=\"800\" height=\"450\" src=\"https:\/\/bicingiro.it\/wp-content\/uploads\/2026\/04\/team-building-1024x576.jpg\" class=\"attachment-large size-large wp-image-1932\" alt=\"\" srcset=\"https:\/\/bicingiro.it\/wp-content\/uploads\/2026\/04\/team-building-1024x576.jpg 1024w, https:\/\/bicingiro.it\/wp-content\/uploads\/2026\/04\/team-building-300x169.jpg 300w, https:\/\/bicingiro.it\/wp-content\/uploads\/2026\/04\/team-building-768x432.jpg 768w, https:\/\/bicingiro.it\/wp-content\/uploads\/2026\/04\/team-building-1536x864.jpg 1536w, https:\/\/bicingiro.it\/wp-content\/uploads\/2026\/04\/team-building.jpg 1920w\" sizes=\"(max-width: 800px) 100vw, 800px\" \/>\t\t\t\t\t\t\t\t\t\t\t\t\t\t\t<\/div>\n\t\t\t\t\t<\/div>\n\t\t\t\t<\/div>\n\t\t<div class=\"elementor-element elementor-element-5d01f0b e-flex e-con-boxed e-con e-parent\" data-id=\"5d01f0b\" data-element_type=\"container\" data-e-type=\"container\">\n\t\t\t\t\t<div class=\"e-con-inner\">\n\t\t\t\t<div class=\"elementor-element elementor-element-348c259 elementor-tablet-align-center elementor-mobile-align-center elementor-align-center elementor-widget elementor-widget-button\" data-id=\"348c259\" data-element_type=\"widget\" data-e-type=\"widget\" data-widget_type=\"button.default\">\n\t\t\t\t\t\t\t\t\t\t<a class=\"elementor-button elementor-button-link elementor-size-sm\" href=\"https:\/\/bicingiro.it\/index.php\/elementor-pagina-898\/\">\n\t\t\t\t\t\t<span class=\"elementor-button-content-wrapper\">\n\t\t\t\t\t\t\t\t\t<span class=\"elementor-button-text\">CONTATTACI<\/span>\n\t\t\t\t\t<\/span>\n\t\t\t\t\t<\/a>\n\t\t\t\t\t\t\t\t<\/div>\n\t\t\t\t\t<\/div>\n\t\t\t\t<\/div>\n\t\t\t\t<\/div>\n\t\t","protected":false},"excerpt":{"rendered":"<p>TEAM BUILDING PER GRUPPI E AZIENDE PEDALARE INSIEME per costruire squadre pi\u00f9 forti La bici diventa molto pi\u00f9 di un mezzo: \u00e8 uno strumento capace di creare connessioni autentiche tra le persone. Attraverso esperienze di team building pensate per gruppi e aziende, offriamo l\u2019opportunit\u00e0 di rafforzare le relazioni, migliorare la collaborazione e sviluppare nuove dinamiche [&hellip;]<\/p>\n","protected":false},"author":1,"featured_media":0,"parent":0,"menu_order":0,"comment_status":"closed","ping_status":"closed","template":"","meta":{"footnotes":""},"class_list":["post-1317","page","type-page","status-publish","hentry"],"_links":{"self":[{"href":"https:\/\/bicingiro.it\/index.php\/wp-json\/wp\/v2\/pages\/1317","targetHints":{"allow":["GET"]}}],"collection":[{"href":"https:\/\/bicingiro.it\/index.php\/wp-json\/wp\/v2\/pages"}],"about":[{"href":"https:\/\/bicingiro.it\/index.php\/wp-json\/wp\/v2\/types\/page"}],"author":[{"embeddable":true,"href":"https:\/\/bicingiro.it\/index.php\/wp-json\/wp\/v2\/users\/1"}],"replies":[{"embeddable":true,"href":"https:\/\/bicingiro.it\/index.php\/wp-json\/wp\/v2\/comments?post=1317"}],"version-history":[{"count":25,"href":"https:\/\/bicingiro.it\/index.php\/wp-json\/wp\/v2\/pages\/1317\/revisions"}],"predecessor-version":[{"id":2677,"href":"https:\/\/bicingiro.it\/index.php\/wp-json\/wp\/v2\/pages\/1317\/revisions\/2677"}],"wp:attachment":[{"href":"https:\/\/bicingiro.it\/index.php\/wp-json\/wp\/v2\/media?parent=1317"}],"curies":[{"name":"wp","href":"https:\/\/api.w.org\/{rel}","templated":true}]}}